{"id":14,"date":"2026-04-10T08:34:00","date_gmt":"2026-04-10T08:34:00","guid":{"rendered":"https:\/\/rago.zone\/?page_id=14"},"modified":"2026-04-10T10:17:30","modified_gmt":"2026-04-10T10:17:30","slug":"uvod","status":"publish","type":"page","link":"https:\/\/rago.zone\/","title":{"rendered":"Upozorn\u011bn\u00ed"},"content":{"rendered":"\n<div class=\"wp-block-group alignfull has-global-padding is-layout-constrained wp-block-group-is-layout-constrained\">\n<p>V\u00e1\u017een\u00ed z\u00e1kazn\u00edci, d\u011bkujeme za p\u0159\u00edze\u0148. <br>Va\u0161e obl\u00edben\u00e9 produkty nyn\u00ed naleznete na str\u00e1nk\u00e1ch <a href=\"http:\/\/nigo.cz\" data-type=\"link\" data-id=\"nigo.cz\">NIGO.cz<\/a><\/p>\n\n\n\n<div class=\"wp-block-buttons is-layout-flex wp-block-buttons-is-layout-flex\">\n<div class=\"wp-block-button\"><a class=\"wp-block-button__link wp-element-button\">Kontakty: info@nigo.cz nebo tel. 739 098 980<\/a><\/div>\n<\/div>\n<\/div>\n\n\n\n<figure class=\"wp-block-image size-large\"><img loading=\"lazy\" decoding=\"async\" width=\"1024\" height=\"503\" src=\"https:\/\/rago.zone\/wp-content\/uploads\/2026\/04\/logo_rago_1_2015_FINALL_bila-1024x503.jpg\" alt=\"\" class=\"wp-image-12\" srcset=\"https:\/\/rago.zone\/wp-content\/uploads\/2026\/04\/logo_rago_1_2015_FINALL_bila-1024x503.jpg 1024w, https:\/\/rago.zone\/wp-content\/uploads\/2026\/04\/logo_rago_1_2015_FINALL_bila-300x147.jpg 300w, https:\/\/rago.zone\/wp-content\/uploads\/2026\/04\/logo_rago_1_2015_FINALL_bila-768x377.jpg 768w, https:\/\/rago.zone\/wp-content\/uploads\/2026\/04\/logo_rago_1_2015_FINALL_bila.jpg 1363w\" sizes=\"auto, (max-width: 1024px) 100vw, 1024px\" \/><\/figure>\n","protected":false},"excerpt":{"rendered":"<p>V\u00e1\u017een\u00ed z\u00e1kazn\u00edci, d\u011bkujeme za p\u0159\u00edze\u0148. Va\u0161e obl\u00edben\u00e9 produkty nyn\u00ed naleznete na str\u00e1nk\u00e1ch NIGO.cz<\/p>\n","protected":false},"author":1,"featured_media":0,"parent":0,"menu_order":0,"comment_status":"closed","ping_status":"closed","template":"","meta":{"footnotes":""},"class_list":["post-14","page","type-page","status-publish","hentry"],"_links":{"self":[{"href":"https:\/\/rago.zone\/index.php?rest_route=\/wp\/v2\/pages\/14","targetHints":{"allow":["GET"]}}],"collection":[{"href":"https:\/\/rago.zone\/index.php?rest_route=\/wp\/v2\/pages"}],"about":[{"href":"https:\/\/rago.zone\/index.php?rest_route=\/wp\/v2\/types\/page"}],"author":[{"embeddable":true,"href":"https:\/\/rago.zone\/index.php?rest_route=\/wp\/v2\/users\/1"}],"replies":[{"embeddable":true,"href":"https:\/\/rago.zone\/index.php?rest_route=%2Fwp%2Fv2%2Fcomments&post=14"}],"version-history":[{"count":5,"href":"https:\/\/rago.zone\/index.php?rest_route=\/wp\/v2\/pages\/14\/revisions"}],"predecessor-version":[{"id":29,"href":"https:\/\/rago.zone\/index.php?rest_route=\/wp\/v2\/pages\/14\/revisions\/29"}],"wp:attachment":[{"href":"https:\/\/rago.zone\/index.php?rest_route=%2Fwp%2Fv2%2Fmedia&parent=14"}],"curies":[{"name":"wp","href":"https:\/\/api.w.org\/{rel}","templated":true}]}}